{"id":2316,"date":"2024-08-09T18:04:36","date_gmt":"2024-08-09T18:04:36","guid":{"rendered":"https:\/\/pyrotechnik-steinbauer.de\/?page_id=2316"},"modified":"2024-08-09T18:23:07","modified_gmt":"2024-08-09T18:23:07","slug":"geraeteverleih","status":"publish","type":"page","link":"https:\/\/pyrotechnik-steinbauer.de\/?page_id=2316","title":{"rendered":"Ger\u00e4teverleih"},"content":{"rendered":"\t\t<div data-elementor-type=\"wp-page\" data-elementor-id=\"2316\" class=\"elementor elementor-2316\" data-elementor-settings=\"{&quot;ha_cmc_init_switcher&quot;:&quot;no&quot;}\">\n\t\t\t\t\t\t<section class=\"elementor-section elementor-top-section elementor-element elementor-element-6954478 elementor-section-boxed elementor-section-height-default elementor-section-height-default\" data-id=\"6954478\" data-element_type=\"section\" data-e-type=\"section\" data-settings=\"{&quot;_ha_eqh_enable&quot;:false}\">\n\t\t\t\t\t\t<div class=\"elementor-container elementor-column-gap-default\">\n\t\t\t\t\t<div class=\"elementor-column elementor-col-100 elementor-top-column elementor-element elementor-element-c25e8db\" data-id=\"c25e8db\" data-element_type=\"column\" data-e-type=\"column\">\n\t\t\t<div class=\"elementor-widget-wrap elementor-element-populated\">\n\t\t\t\t\t\t<div class=\"elementor-element elementor-element-8513468 elementor-widget elementor-widget-spacer\" data-id=\"8513468\" data-element_type=\"widget\" data-e-type=\"widget\" data-widget_type=\"spacer.default\">\n\t\t\t\t<div class=\"elementor-widget-container\">\n\t\t\t\t\t\t\t<div class=\"elementor-spacer\">\n\t\t\t<div class=\"elementor-spacer-inner\"><\/div>\n\t\t<\/div>\n\t\t\t\t\t\t<\/div>\n\t\t\t\t<\/div>\n\t\t\t\t<div class=\"elementor-element elementor-element-6dca55c elementor-widget elementor-widget-heading\" data-id=\"6dca55c\" data-element_type=\"widget\" data-e-type=\"widget\" data-widget_type=\"heading.default\">\n\t\t\t\t<div class=\"elementor-widget-container\">\n\t\t\t\t\t<h2 class=\"elementor-heading-title elementor-size-default\">Ger\u00e4teverleih<\/h2>\t\t\t\t<\/div>\n\t\t\t\t<\/div>\n\t\t\t\t<div class=\"elementor-element elementor-element-a549180 elementor-widget elementor-widget-spacer\" data-id=\"a549180\" data-element_type=\"widget\" data-e-type=\"widget\" data-widget_type=\"spacer.default\">\n\t\t\t\t<div class=\"elementor-widget-container\">\n\t\t\t\t\t\t\t<div class=\"elementor-spacer\">\n\t\t\t<div class=\"elementor-spacer-inner\"><\/div>\n\t\t<\/div>\n\t\t\t\t\t\t<\/div>\n\t\t\t\t<\/div>\n\t\t\t\t\t<\/div>\n\t\t<\/div>\n\t\t\t\t\t<\/div>\n\t\t<\/section>\n\t\t\t\t<section class=\"elementor-section elementor-top-section elementor-element elementor-element-1bc2b39 elementor-section-boxed elementor-section-height-default elementor-section-height-default\" data-id=\"1bc2b39\" data-element_type=\"section\" data-e-type=\"section\" data-settings=\"{&quot;_ha_eqh_enable&quot;:false}\">\n\t\t\t\t\t\t<div class=\"elementor-container elementor-column-gap-default\">\n\t\t\t\t\t<div class=\"elementor-column elementor-col-100 elementor-top-column elementor-element elementor-element-5958193\" data-id=\"5958193\" data-element_type=\"column\" data-e-type=\"column\">\n\t\t\t<div class=\"elementor-widget-wrap elementor-element-populated\">\n\t\t\t\t\t\t<section class=\"elementor-section elementor-inner-section elementor-element elementor-element-22665cf elementor-section-boxed elementor-section-height-default elementor-section-height-default\" data-id=\"22665cf\" data-element_type=\"section\" data-e-type=\"section\" data-settings=\"{&quot;_ha_eqh_enable&quot;:false}\">\n\t\t\t\t\t\t<div class=\"elementor-container elementor-column-gap-default\">\n\t\t\t\t\t<div class=\"elementor-column elementor-col-50 elementor-inner-column elementor-element elementor-element-24d44f1\" data-id=\"24d44f1\" data-element_type=\"column\" data-e-type=\"column\">\n\t\t\t<div class=\"elementor-widget-wrap elementor-element-populated\">\n\t\t\t\t\t\t<div class=\"elementor-element elementor-element-893eb23 elementor-widget elementor-widget-image\" data-id=\"893eb23\" data-element_type=\"widget\" data-e-type=\"widget\" data-widget_type=\"image.default\">\n\t\t\t\t<div class=\"elementor-widget-container\">\n\t\t\t\t\t\t\t\t\t\t\t\t\t\t\t<img fetchpriority=\"high\" decoding=\"async\" width=\"596\" height=\"596\" src=\"https:\/\/pyrotechnik-steinbauer.de\/wp-content\/uploads\/2024\/08\/123.jpg\" class=\"attachment-large size-large wp-image-2323\" alt=\"\" srcset=\"https:\/\/pyrotechnik-steinbauer.de\/wp-content\/uploads\/2024\/08\/123.jpg 596w, https:\/\/pyrotechnik-steinbauer.de\/wp-content\/uploads\/2024\/08\/123-300x300.jpg 300w, https:\/\/pyrotechnik-steinbauer.de\/wp-content\/uploads\/2024\/08\/123-150x150.jpg 150w\" sizes=\"(max-width: 596px) 100vw, 596px\" \/>\t\t\t\t\t\t\t\t\t\t\t\t\t\t\t<\/div>\n\t\t\t\t<\/div>\n\t\t\t\t\t<\/div>\n\t\t<\/div>\n\t\t\t\t<div class=\"elementor-column elementor-col-50 elementor-inner-column elementor-element elementor-element-5cf7dce\" data-id=\"5cf7dce\" data-element_type=\"column\" data-e-type=\"column\">\n\t\t\t<div class=\"elementor-widget-wrap elementor-element-populated\">\n\t\t\t\t\t\t<div class=\"elementor-element elementor-element-7163ef9 elementor-widget elementor-widget-text-editor\" data-id=\"7163ef9\" data-element_type=\"widget\" data-e-type=\"widget\" data-widget_type=\"text-editor.default\">\n\t\t\t\t<div class=\"elementor-widget-container\">\n\t\t\t\t\t\t\t\t\t<p>Ihr sucht eine Ganz besonderes Highlight habt aber nicht, die M\u00f6glichkeit klassisches Feuerwerk einzusetzen?<\/p><p>Wir haben die L\u00f6sung: Coldsparkler k\u00f6nnen im Innenraum eingesetzt werden und entwickeln keinen Rauch und durch die geringe Temperatur sind sie auch an vielen Bereichen einsatzbar an denen klassisches Feuerwerk nicht genutzt werden kann.<\/p><p>\u00a0<\/p><p>Wir haben 12 Sparkler auf Lager und verleihen diese gegen eine Geb\u00fchr von je 99\u20ac\/Wochenende und es ist pro ger\u00e4t ein Beutel mit Titanpulver im Angebot enthalten, welches f\u00fcr ca. 10min Effekt ausreicht.<\/p><p>Wir werden unser Angebot auch erweitern und hier nach und nach online stellen. Sprecht uns gerne an und wir realisieren eure W\u00fcnsche.<\/p>\t\t\t\t\t\t\t\t<\/div>\n\t\t\t\t<\/div>\n\t\t\t\t\t<\/div>\n\t\t<\/div>\n\t\t\t\t\t<\/div>\n\t\t<\/section>\n\t\t\t\t\t<\/div>\n\t\t<\/div>\n\t\t\t\t\t<\/div>\n\t\t<\/section>\n\t\t\t\t<section class=\"elementor-section elementor-top-section elementor-element elementor-element-e9b6502 elementor-section-boxed elementor-section-height-default elementor-section-height-default\" data-id=\"e9b6502\" data-element_type=\"section\" data-e-type=\"section\" data-settings=\"{&quot;_ha_eqh_enable&quot;:false}\">\n\t\t\t\t\t\t<div class=\"elementor-container elementor-column-gap-default\">\n\t\t\t\t\t<div class=\"elementor-column elementor-col-50 elementor-top-column elementor-element elementor-element-2c64207\" data-id=\"2c64207\" data-element_type=\"column\" data-e-type=\"column\">\n\t\t\t<div class=\"elementor-widget-wrap elementor-element-populated\">\n\t\t\t\t\t\t<div class=\"elementor-element elementor-element-aac5160 elementor-widget elementor-widget-text-editor\" data-id=\"aac5160\" data-element_type=\"widget\" data-e-type=\"widget\" data-widget_type=\"text-editor.default\">\n\t\t\t\t<div class=\"elementor-widget-container\">\n\t\t\t\t\t\t\t\t\t<p>Ihr sucht eine M\u00f6glichkeit euer eigenes Feuerwerk selbst zu z\u00fcnden?<\/p>\n<p>Wir haben mehrere Leihz\u00fcndlanagen und bieten euch diese gegen eine Geb\u00fchr von 10\u20ac und 20\u20ac Pfand an.<\/p><p>Wenn ihr bei uns Feuerwerk mit Ausnahmegenehmigung, kauft bekommt ihr die Z\u00fcndanlage auf Wunsch kostenfrei geliehen.<\/p>\t\t\t\t\t\t\t\t<\/div>\n\t\t\t\t<\/div>\n\t\t\t\t\t<\/div>\n\t\t<\/div>\n\t\t\t\t<div class=\"elementor-column elementor-col-50 elementor-top-column elementor-element elementor-element-a1e9d3c\" data-id=\"a1e9d3c\" data-element_type=\"column\" data-e-type=\"column\">\n\t\t\t<div class=\"elementor-widget-wrap elementor-element-populated\">\n\t\t\t\t\t\t<div class=\"elementor-element elementor-element-bbf2f87 elementor-widget elementor-widget-image\" data-id=\"bbf2f87\" data-element_type=\"widget\" data-e-type=\"widget\" data-widget_type=\"image.default\">\n\t\t\t\t<div class=\"elementor-widget-container\">\n\t\t\t\t\t\t\t\t\t\t\t\t\t\t\t<img decoding=\"async\" width=\"500\" height=\"500\" src=\"https:\/\/pyrotechnik-steinbauer.de\/wp-content\/uploads\/2024\/08\/zuendanlage.png\" class=\"attachment-large size-large wp-image-2336\" alt=\"\" srcset=\"https:\/\/pyrotechnik-steinbauer.de\/wp-content\/uploads\/2024\/08\/zuendanlage.png 500w, https:\/\/pyrotechnik-steinbauer.de\/wp-content\/uploads\/2024\/08\/zuendanlage-300x300.png 300w, https:\/\/pyrotechnik-steinbauer.de\/wp-content\/uploads\/2024\/08\/zuendanlage-150x150.png 150w\" sizes=\"(max-width: 500px) 100vw, 500px\" \/>\t\t\t\t\t\t\t\t\t\t\t\t\t\t\t<\/div>\n\t\t\t\t<\/div>\n\t\t\t\t\t<\/div>\n\t\t<\/div>\n\t\t\t\t\t<\/div>\n\t\t<\/section>\n\t\t\t\t<\/div>\n\t\t","protected":false},"excerpt":{"rendered":"<p>Ger\u00e4teverleih Ihr sucht eine Ganz besonderes Highlight habt aber nicht, die M\u00f6glichkeit klassisches Feuerwerk einzusetzen? Wir haben die L\u00f6sung: Coldsparkler k\u00f6nnen im Innenraum eingesetzt werden und entwickeln keinen Rauch und [&hellip;]<\/p>\n","protected":false},"author":1,"featured_media":0,"parent":0,"menu_order":0,"comment_status":"closed","ping_status":"closed","template":"","meta":{"site-sidebar-layout":"no-sidebar","site-content-layout":"page-builder","ast-site-content-layout":"full-width-container","site-content-style":"default","site-sidebar-style":"default","ast-global-header-display":"","ast-banner-title-visibility":"","ast-main-header-display":"","ast-hfb-above-header-display":"","ast-hfb-below-header-display":"","ast-hfb-mobile-header-display":"","site-post-title":"disabled","ast-breadcrumbs-content":"","ast-featured-img":"disabled","footer-sml-layout":"","ast-disable-related-posts":"","theme-transparent-header-meta":"","adv-header-id-meta":"","stick-header-meta":"","header-above-stick-meta":"","header-main-stick-meta":"","header-below-stick-meta":"","astra-migrate-meta-layouts":"set","ast-page-background-enabled":"default","ast-page-background-meta":{"desktop":{"background-color":"var(--ast-global-color-4)","background-image":"","background-repeat":"repeat","background-position":"center center","background-size":"auto","background-attachment":"scroll","background-type":"","background-media":"","overlay-type":"","overlay-color":"","overlay-opacity":"","overlay-gradient":""},"tablet":{"background-color":"","background-image":"","background-repeat":"repeat","background-position":"center center","background-size":"auto","background-attachment":"scroll","background-type":"","background-media":"","overlay-type":"","overlay-color":"","overlay-opacity":"","overlay-gradient":""},"mobile":{"background-color":"","background-image":"","background-repeat":"repeat","background-position":"center center","background-size":"auto","background-attachment":"scroll","background-type":"","background-media":"","overlay-type":"","overlay-color":"","overlay-opacity":"","overlay-gradient":""}},"ast-content-background-meta":{"desktop":{"background-color":"var(--ast-global-color-5)","background-image":"","background-repeat":"repeat","background-position":"center center","background-size":"auto","background-attachment":"scroll","background-type":"","background-media":"","overlay-type":"","overlay-color":"","overlay-opacity":"","overlay-gradient":""},"tablet":{"background-color":"var(--ast-global-color-5)","background-image":"","background-repeat":"repeat","background-position":"center center","background-size":"auto","background-attachment":"scroll","background-type":"","background-media":"","overlay-type":"","overlay-color":"","overlay-opacity":"","overlay-gradient":""},"mobile":{"background-color":"var(--ast-global-color-5)","background-image":"","background-repeat":"repeat","background-position":"center center","background-size":"auto","background-attachment":"scroll","background-type":"","background-media":"","overlay-type":"","overlay-color":"","overlay-opacity":"","overlay-gradient":""}},"footnotes":""},"class_list":["post-2316","page","type-page","status-publish","hentry"],"yoast_head":"<!-- This site is optimized with the Yoast SEO plugin v27.6 - https:\/\/yoast.com\/product\/yoast-seo-wordpress\/ -->\n<title>Ger\u00e4teverleih -<\/title>\n<meta name=\"robots\" content=\"index, follow, max-snippet:-1, max-image-preview:large, max-video-preview:-1\" \/>\n<link rel=\"canonical\" href=\"https:\/\/pyrotechnik-steinbauer.de\/?page_id=2316\" \/>\n<meta property=\"og:locale\" content=\"de_DE\" \/>\n<meta property=\"og:type\" content=\"article\" \/>\n<meta property=\"og:title\" content=\"Ger\u00e4teverleih -\" \/>\n<meta property=\"og:description\" content=\"Ger\u00e4teverleih Ihr sucht eine Ganz besonderes Highlight habt aber nicht, die M\u00f6glichkeit klassisches Feuerwerk einzusetzen? Wir haben die L\u00f6sung: Coldsparkler k\u00f6nnen im Innenraum eingesetzt werden und entwickeln keinen Rauch und [&hellip;]\" \/>\n<meta property=\"og:url\" content=\"https:\/\/pyrotechnik-steinbauer.de\/?page_id=2316\" \/>\n<meta property=\"article:modified_time\" content=\"2024-08-09T18:23:07+00:00\" \/>\n<meta property=\"og:image\" content=\"https:\/\/pyrotechnik-steinbauer.de\/wp-content\/uploads\/2024\/08\/123.jpg\" \/>\n<meta name=\"twitter:card\" content=\"summary_large_image\" \/>\n<meta name=\"twitter:label1\" content=\"Gesch\u00e4tzte Lesezeit\" \/>\n\t<meta name=\"twitter:data1\" content=\"2\u00a0Minuten\" \/>\n<script type=\"application\/ld+json\" class=\"yoast-schema-graph\">{\"@context\":\"https:\\\/\\\/schema.org\",\"@graph\":[{\"@type\":\"WebPage\",\"@id\":\"https:\\\/\\\/pyrotechnik-steinbauer.de\\\/?page_id=2316\",\"url\":\"https:\\\/\\\/pyrotechnik-steinbauer.de\\\/?page_id=2316\",\"name\":\"Ger\u00e4teverleih -\",\"isPartOf\":{\"@id\":\"https:\\\/\\\/pyrotechnik-steinbauer.de\\\/#website\"},\"primaryImageOfPage\":{\"@id\":\"https:\\\/\\\/pyrotechnik-steinbauer.de\\\/?page_id=2316#primaryimage\"},\"image\":{\"@id\":\"https:\\\/\\\/pyrotechnik-steinbauer.de\\\/?page_id=2316#primaryimage\"},\"thumbnailUrl\":\"https:\\\/\\\/pyrotechnik-steinbauer.de\\\/wp-content\\\/uploads\\\/2024\\\/08\\\/123.jpg\",\"datePublished\":\"2024-08-09T18:04:36+00:00\",\"dateModified\":\"2024-08-09T18:23:07+00:00\",\"breadcrumb\":{\"@id\":\"https:\\\/\\\/pyrotechnik-steinbauer.de\\\/?page_id=2316#breadcrumb\"},\"inLanguage\":\"de\",\"potentialAction\":[{\"@type\":\"ReadAction\",\"target\":[\"https:\\\/\\\/pyrotechnik-steinbauer.de\\\/?page_id=2316\"]}]},{\"@type\":\"ImageObject\",\"inLanguage\":\"de\",\"@id\":\"https:\\\/\\\/pyrotechnik-steinbauer.de\\\/?page_id=2316#primaryimage\",\"url\":\"https:\\\/\\\/pyrotechnik-steinbauer.de\\\/wp-content\\\/uploads\\\/2024\\\/08\\\/123.jpg\",\"contentUrl\":\"https:\\\/\\\/pyrotechnik-steinbauer.de\\\/wp-content\\\/uploads\\\/2024\\\/08\\\/123.jpg\",\"width\":596,\"height\":596,\"caption\":\"{\\\"ARInfo\\\":{\\\"IsUseAR\\\":false},\\\"Version\\\":\\\"1.0.0\\\",\\\"MakeupInfo\\\":{\\\"IsUseMakeup\\\":false},\\\"FaceliftInfo\\\":{\\\"IsChangeEyeLift\\\":false,\\\"IsChangeFacelift\\\":false,\\\"IsChangePostureLift\\\":false,\\\"IsChangeNose\\\":false,\\\"IsChangeFaceChin\\\":false,\\\"IsChangeMouth\\\":false,\\\"IsChangeThinFace\\\":false},\\\"BeautyInfo\\\":{\\\"SwitchMedicatedAcne\\\":false,\\\"IsAIBeauty\\\":false,\\\"IsBrightEyes\\\":false,\\\"IsSharpen\\\":false,\\\"IsOldBeauty\\\":false,\\\"IsReduceBlackEyes\\\":false},\\\"HandlerInfo\\\":{\\\"AppName\\\":2},\\\"FilterInfo\\\":{\\\"IsUseFilter\\\":false}}\"},{\"@type\":\"BreadcrumbList\",\"@id\":\"https:\\\/\\\/pyrotechnik-steinbauer.de\\\/?page_id=2316#breadcrumb\",\"itemListElement\":[{\"@type\":\"ListItem\",\"position\":1,\"name\":\"Startseite\",\"item\":\"https:\\\/\\\/pyrotechnik-steinbauer.de\\\/\"},{\"@type\":\"ListItem\",\"position\":2,\"name\":\"Ger\u00e4teverleih\"}]},{\"@type\":\"WebSite\",\"@id\":\"https:\\\/\\\/pyrotechnik-steinbauer.de\\\/#website\",\"url\":\"https:\\\/\\\/pyrotechnik-steinbauer.de\\\/\",\"name\":\"\",\"description\":\"Feuerwerk aus Grafenau\",\"potentialAction\":[{\"@type\":\"SearchAction\",\"target\":{\"@type\":\"EntryPoint\",\"urlTemplate\":\"https:\\\/\\\/pyrotechnik-steinbauer.de\\\/?s={search_term_string}\"},\"query-input\":{\"@type\":\"PropertyValueSpecification\",\"valueRequired\":true,\"valueName\":\"search_term_string\"}}],\"inLanguage\":\"de\"}]}<\/script>\n<!-- \/ Yoast SEO plugin. -->","yoast_head_json":{"title":"Ger\u00e4teverleih -","robots":{"index":"index","follow":"follow","max-snippet":"max-snippet:-1","max-image-preview":"max-image-preview:large","max-video-preview":"max-video-preview:-1"},"canonical":"https:\/\/pyrotechnik-steinbauer.de\/?page_id=2316","og_locale":"de_DE","og_type":"article","og_title":"Ger\u00e4teverleih -","og_description":"Ger\u00e4teverleih Ihr sucht eine Ganz besonderes Highlight habt aber nicht, die M\u00f6glichkeit klassisches Feuerwerk einzusetzen? Wir haben die L\u00f6sung: Coldsparkler k\u00f6nnen im Innenraum eingesetzt werden und entwickeln keinen Rauch und [&hellip;]","og_url":"https:\/\/pyrotechnik-steinbauer.de\/?page_id=2316","article_modified_time":"2024-08-09T18:23:07+00:00","og_image":[{"url":"https:\/\/pyrotechnik-steinbauer.de\/wp-content\/uploads\/2024\/08\/123.jpg","type":"","width":"","height":""}],"twitter_card":"summary_large_image","twitter_misc":{"Gesch\u00e4tzte Lesezeit":"2\u00a0Minuten"},"schema":{"@context":"https:\/\/schema.org","@graph":[{"@type":"WebPage","@id":"https:\/\/pyrotechnik-steinbauer.de\/?page_id=2316","url":"https:\/\/pyrotechnik-steinbauer.de\/?page_id=2316","name":"Ger\u00e4teverleih -","isPartOf":{"@id":"https:\/\/pyrotechnik-steinbauer.de\/#website"},"primaryImageOfPage":{"@id":"https:\/\/pyrotechnik-steinbauer.de\/?page_id=2316#primaryimage"},"image":{"@id":"https:\/\/pyrotechnik-steinbauer.de\/?page_id=2316#primaryimage"},"thumbnailUrl":"https:\/\/pyrotechnik-steinbauer.de\/wp-content\/uploads\/2024\/08\/123.jpg","datePublished":"2024-08-09T18:04:36+00:00","dateModified":"2024-08-09T18:23:07+00:00","breadcrumb":{"@id":"https:\/\/pyrotechnik-steinbauer.de\/?page_id=2316#breadcrumb"},"inLanguage":"de","potentialAction":[{"@type":"ReadAction","target":["https:\/\/pyrotechnik-steinbauer.de\/?page_id=2316"]}]},{"@type":"ImageObject","inLanguage":"de","@id":"https:\/\/pyrotechnik-steinbauer.de\/?page_id=2316#primaryimage","url":"https:\/\/pyrotechnik-steinbauer.de\/wp-content\/uploads\/2024\/08\/123.jpg","contentUrl":"https:\/\/pyrotechnik-steinbauer.de\/wp-content\/uploads\/2024\/08\/123.jpg","width":596,"height":596,"caption":"{\"ARInfo\":{\"IsUseAR\":false},\"Version\":\"1.0.0\",\"MakeupInfo\":{\"IsUseMakeup\":false},\"FaceliftInfo\":{\"IsChangeEyeLift\":false,\"IsChangeFacelift\":false,\"IsChangePostureLift\":false,\"IsChangeNose\":false,\"IsChangeFaceChin\":false,\"IsChangeMouth\":false,\"IsChangeThinFace\":false},\"BeautyInfo\":{\"SwitchMedicatedAcne\":false,\"IsAIBeauty\":false,\"IsBrightEyes\":false,\"IsSharpen\":false,\"IsOldBeauty\":false,\"IsReduceBlackEyes\":false},\"HandlerInfo\":{\"AppName\":2},\"FilterInfo\":{\"IsUseFilter\":false}}"},{"@type":"BreadcrumbList","@id":"https:\/\/pyrotechnik-steinbauer.de\/?page_id=2316#breadcrumb","itemListElement":[{"@type":"ListItem","position":1,"name":"Startseite","item":"https:\/\/pyrotechnik-steinbauer.de\/"},{"@type":"ListItem","position":2,"name":"Ger\u00e4teverleih"}]},{"@type":"WebSite","@id":"https:\/\/pyrotechnik-steinbauer.de\/#website","url":"https:\/\/pyrotechnik-steinbauer.de\/","name":"","description":"Feuerwerk aus Grafenau","potentialAction":[{"@type":"SearchAction","target":{"@type":"EntryPoint","urlTemplate":"https:\/\/pyrotechnik-steinbauer.de\/?s={search_term_string}"},"query-input":{"@type":"PropertyValueSpecification","valueRequired":true,"valueName":"search_term_string"}}],"inLanguage":"de"}]}},"_links":{"self":[{"href":"https:\/\/pyrotechnik-steinbauer.de\/index.php?rest_route=\/wp\/v2\/pages\/2316","targetHints":{"allow":["GET"]}}],"collection":[{"href":"https:\/\/pyrotechnik-steinbauer.de\/index.php?rest_route=\/wp\/v2\/pages"}],"about":[{"href":"https:\/\/pyrotechnik-steinbauer.de\/index.php?rest_route=\/wp\/v2\/types\/page"}],"author":[{"embeddable":true,"href":"https:\/\/pyrotechnik-steinbauer.de\/index.php?rest_route=\/wp\/v2\/users\/1"}],"replies":[{"embeddable":true,"href":"https:\/\/pyrotechnik-steinbauer.de\/index.php?rest_route=%2Fwp%2Fv2%2Fcomments&post=2316"}],"version-history":[{"count":14,"href":"https:\/\/pyrotechnik-steinbauer.de\/index.php?rest_route=\/wp\/v2\/pages\/2316\/revisions"}],"predecessor-version":[{"id":2339,"href":"https:\/\/pyrotechnik-steinbauer.de\/index.php?rest_route=\/wp\/v2\/pages\/2316\/revisions\/2339"}],"wp:attachment":[{"href":"https:\/\/pyrotechnik-steinbauer.de\/index.php?rest_route=%2Fwp%2Fv2%2Fmedia&parent=2316"}],"curies":[{"name":"wp","href":"https:\/\/api.w.org\/{rel}","templated":true}]}}