{"id":1856,"date":"2023-07-11T09:09:21","date_gmt":"2023-07-11T09:09:21","guid":{"rendered":"https:\/\/pyrotechnik-steinbauer.de\/?page_id=1856"},"modified":"2025-10-27T06:15:59","modified_gmt":"2025-10-27T06:15:59","slug":"impressum","status":"publish","type":"page","link":"https:\/\/pyrotechnik-steinbauer.de\/?page_id=1856","title":{"rendered":"Impressum"},"content":{"rendered":"\t\t<div data-elementor-type=\"wp-page\" data-elementor-id=\"1856\" class=\"elementor elementor-1856\" data-elementor-settings=\"{&quot;ha_cmc_init_switcher&quot;:&quot;no&quot;}\">\n\t\t\t\t\t\t<section class=\"elementor-section elementor-top-section elementor-element elementor-element-dcd6920 elementor-section-boxed elementor-section-height-default elementor-section-height-default\" data-id=\"dcd6920\" data-element_type=\"section\" data-e-type=\"section\" data-settings=\"{&quot;_ha_eqh_enable&quot;:false}\">\n\t\t\t\t\t\t<div class=\"elementor-container elementor-column-gap-default\">\n\t\t\t\t\t<div class=\"elementor-column elementor-col-100 elementor-top-column elementor-element elementor-element-a22c6d4\" data-id=\"a22c6d4\" data-element_type=\"column\" data-e-type=\"column\">\n\t\t\t<div class=\"elementor-widget-wrap elementor-element-populated\">\n\t\t\t\t\t\t<div class=\"elementor-element elementor-element-30366c9 elementor-widget elementor-widget-spacer\" data-id=\"30366c9\" data-element_type=\"widget\" data-e-type=\"widget\" data-widget_type=\"spacer.default\">\n\t\t\t\t<div class=\"elementor-widget-container\">\n\t\t\t\t\t\t\t<div class=\"elementor-spacer\">\n\t\t\t<div class=\"elementor-spacer-inner\"><\/div>\n\t\t<\/div>\n\t\t\t\t\t\t<\/div>\n\t\t\t\t<\/div>\n\t\t\t\t<div class=\"elementor-element elementor-element-e7f122e elementor-widget__width-initial elementor-widget elementor-widget-heading\" data-id=\"e7f122e\" data-element_type=\"widget\" data-e-type=\"widget\" data-widget_type=\"heading.default\">\n\t\t\t\t<div class=\"elementor-widget-container\">\n\t\t\t\t\t<h2 class=\"elementor-heading-title elementor-size-default\">Impressum<\/h2>\t\t\t\t<\/div>\n\t\t\t\t<\/div>\n\t\t\t\t<div class=\"elementor-element elementor-element-3dbe4a5 elementor-widget elementor-widget-spacer\" data-id=\"3dbe4a5\" data-element_type=\"widget\" data-e-type=\"widget\" data-widget_type=\"spacer.default\">\n\t\t\t\t<div class=\"elementor-widget-container\">\n\t\t\t\t\t\t\t<div class=\"elementor-spacer\">\n\t\t\t<div class=\"elementor-spacer-inner\"><\/div>\n\t\t<\/div>\n\t\t\t\t\t\t<\/div>\n\t\t\t\t<\/div>\n\t\t\t\t<div class=\"elementor-element elementor-element-05992df ha-has-bg-overlay elementor-widget elementor-widget-text-editor\" data-id=\"05992df\" data-element_type=\"widget\" data-e-type=\"widget\" data-widget_type=\"text-editor.default\">\n\t\t\t\t<div class=\"elementor-widget-container\">\n\t\t\t\t\t\t\t\t\t<p><strong> <span style=\"font-size: xx-large;\"> Angaben gem\u00e4\u00df \u00a7 5 TMG<\/span><\/strong><\/p><p><strong>\u00a0<\/strong><\/p><p>Florian Steinbauer<br \/>Pyrotechnik Steinbauer<br \/>Hauptstra\u00dfe 6<br \/>94481 Grafenau<\/p><p><strong> <span style=\"font-size: xx-large;\"> Kontakt<\/span><\/strong><\/p><p><strong>\u00a0<\/strong><\/p><p>Telefon: +49 156 7874 1062<br \/>E-Mail: kontakt@pyrotechnik-steinbauer.de<\/p><p><strong> <span style=\"font-size: xx-large;\"> Umsatzsteuer-ID<\/span><\/strong><\/p><p><strong>\u00a0<\/strong><\/p><p>Umsatzsteuer-Identifikationsnummer gem\u00e4\u00df \u00a7 27 a Umsatzsteuergesetz:<br \/>DE286554299<\/p><p><strong> <span style=\"font-size: xx-large;\"> Aufsichtsbeh\u00f6rde<\/span><\/strong><\/p><p><strong>\u00a0<\/strong><\/p><p>Gewerbeaufsichtsamt Landshut<br \/>Gest\u00fctstra\u00dfe 10<br \/>84028 Landshut<\/p><p><strong> <span style=\"font-size: xx-large;\"> Angaben zur Berufs\u00adhaftpflicht\u00adversicherung<\/span><\/strong><\/p><p><strong>\u00a0<\/strong><\/p><p><strong>Name und Sitz des Versicherers:<\/strong><br \/>Versicherungskammer Bayern<br \/>Maximilianstra\u00dfe 53<br \/>80530 M\u00fcnchen<\/p><p><strong> <span style=\"font-size: xx-large;\"> Redaktionell verantwortlich<\/span><\/strong><\/p><p><strong>\u00a0<\/strong><\/p><p>Florian Steinbauer<br \/>Hauptstra\u00dfe 6<\/p><p><span style=\"font-style: inherit; font-weight: inherit;\">94481 Grafenau<\/span><\/p><p><strong> <span style=\"font-size: xx-large;\"> EU-Streitschlichtung<\/span><\/strong><\/p><p><strong>\u00a0<\/strong><\/p><p>Die Europ\u00e4ische Kommission stellt eine Plattform zur Online-Streitbeilegung (OS) bereit: <a href=\"https:\/\/ec.europa.eu\/consumers\/odr\/\" target=\"_blank\" rel=\"noopener noreferrer\">https:\/\/ec.europa.eu\/consumers\/odr\/<\/a>.<br \/>Unsere E-Mail-Adresse finden Sie oben im Impressum.<\/p><p><strong> <span style=\"font-size: xx-large;\"> Verbraucher\u00adstreit\u00adbeilegung\/Universal\u00adschlichtungs\u00adstelle<\/span><\/strong><\/p><p><strong>\u00a0<\/strong><\/p><p>Wir nehmen an einem Streitbeilegungsverfahren vor einer Verbraucherschlichtungsstelle teil. Zust\u00e4ndig ist die Universalschlichtungsstelle des Zentrums f\u00fcr Schlichtung e.V., Stra\u00dfburger Stra\u00dfe 8, 77694 Kehl am Rhein (<a href=\"https:\/\/www.verbraucher-schlichter.de\" target=\"_blank\" rel=\"noopener noreferrer\">https:\/\/www.verbraucher-schlichter.de<\/a>).<\/p><p>Quelle: <a href=\"https:\/\/www.e-recht24.de\">https:\/\/www.e-recht24.de<\/a><\/p>\t\t\t\t\t\t\t\t<\/div>\n\t\t\t\t<\/div>\n\t\t\t\t<div class=\"elementor-element elementor-element-3a69ba1 elementor-widget elementor-widget-spacer\" data-id=\"3a69ba1\" data-element_type=\"widget\" data-e-type=\"widget\" data-widget_type=\"spacer.default\">\n\t\t\t\t<div class=\"elementor-widget-container\">\n\t\t\t\t\t\t\t<div class=\"elementor-spacer\">\n\t\t\t<div class=\"elementor-spacer-inner\"><\/div>\n\t\t<\/div>\n\t\t\t\t\t\t<\/div>\n\t\t\t\t<\/div>\n\t\t\t\t\t<\/div>\n\t\t<\/div>\n\t\t\t\t\t<\/div>\n\t\t<\/section>\n\t\t\t\t<section class=\"elementor-section elementor-top-section elementor-element elementor-element-5b47516 elementor-section-full_width elementor-section-height-min-height elementor-section-height-default elementor-section-items-middle\" data-id=\"5b47516\" data-element_type=\"section\" data-e-type=\"section\" data-settings=\"{&quot;background_background&quot;:&quot;classic&quot;,&quot;_ha_eqh_enable&quot;:false}\">\n\t\t\t\t\t\t<div class=\"elementor-container elementor-column-gap-default\">\n\t\t\t\t\t<div class=\"elementor-column elementor-col-50 elementor-top-column elementor-element elementor-element-fd52e67\" data-id=\"fd52e67\" data-element_type=\"column\" data-e-type=\"column\">\n\t\t\t<div class=\"elementor-widget-wrap elementor-element-populated\">\n\t\t\t\t\t\t\t<\/div>\n\t\t<\/div>\n\t\t\t\t<div class=\"elementor-column elementor-col-50 elementor-top-column elementor-element elementor-element-e90fd61\" data-id=\"e90fd61\" data-element_type=\"column\" data-e-type=\"column\">\n\t\t\t<div class=\"elementor-widget-wrap elementor-element-populated\">\n\t\t\t\t\t\t\t<\/div>\n\t\t<\/div>\n\t\t\t\t\t<\/div>\n\t\t<\/section>\n\t\t\t\t<section class=\"elementor-section elementor-top-section elementor-element elementor-element-a60400c elementor-section-full_width elementor-section-height-min-height elementor-section-height-default elementor-section-items-middle\" data-id=\"a60400c\" data-element_type=\"section\" data-e-type=\"section\" data-settings=\"{&quot;background_background&quot;:&quot;classic&quot;,&quot;_ha_eqh_enable&quot;:false}\">\n\t\t\t\t\t\t<div class=\"elementor-container elementor-column-gap-default\">\n\t\t\t\t\t<div class=\"elementor-column elementor-col-25 elementor-top-column elementor-element elementor-element-0dfaa4a\" data-id=\"0dfaa4a\" data-element_type=\"column\" data-e-type=\"column\">\n\t\t\t<div class=\"elementor-widget-wrap elementor-element-populated\">\n\t\t\t\t\t\t\t<\/div>\n\t\t<\/div>\n\t\t\t\t<div class=\"elementor-column elementor-col-25 elementor-top-column elementor-element elementor-element-9dfeb12\" data-id=\"9dfeb12\" data-element_type=\"column\" data-e-type=\"column\">\n\t\t\t<div class=\"elementor-widget-wrap elementor-element-populated\">\n\t\t\t\t\t\t<div class=\"elementor-element elementor-element-f4eee2d elementor-widget elementor-widget-heading\" data-id=\"f4eee2d\" data-element_type=\"widget\" data-e-type=\"widget\" data-widget_type=\"heading.default\">\n\t\t\t\t<div class=\"elementor-widget-container\">\n\t\t\t\t\t<h4 class=\"elementor-heading-title elementor-size-default\">Kontakt<\/h4>\t\t\t\t<\/div>\n\t\t\t\t<\/div>\n\t\t\t\t<div class=\"elementor-element elementor-element-28f5e48 elementor-widget elementor-widget-heading\" data-id=\"28f5e48\" data-element_type=\"widget\" data-e-type=\"widget\" data-widget_type=\"heading.default\">\n\t\t\t\t<div class=\"elementor-widget-container\">\n\t\t\t\t\t<p class=\"elementor-heading-title elementor-size-default\">Ansprechpartner: Florian Steinbauer<br><br>Adresse: Hauptstra\u00dfe 6, 94481 Grafenau<br><br>Telefon: +49 156 7874 1062<br><br><\/p>\t\t\t\t<\/div>\n\t\t\t\t<\/div>\n\t\t\t\t\t<\/div>\n\t\t<\/div>\n\t\t\t\t<div class=\"elementor-column elementor-col-25 elementor-top-column elementor-element elementor-element-afc44ee\" data-id=\"afc44ee\" data-element_type=\"column\" data-e-type=\"column\">\n\t\t\t<div class=\"elementor-widget-wrap elementor-element-populated\">\n\t\t\t\t\t\t<div class=\"elementor-element elementor-element-d6e5f0a elementor-widget elementor-widget-heading\" data-id=\"d6e5f0a\" data-element_type=\"widget\" data-e-type=\"widget\" data-widget_type=\"heading.default\">\n\t\t\t\t<div class=\"elementor-widget-container\">\n\t\t\t\t\t<h4 class=\"elementor-heading-title elementor-size-default\">\u00d6ffnungszeiten:<\/h4>\t\t\t\t<\/div>\n\t\t\t\t<\/div>\n\t\t\t\t<div class=\"elementor-element elementor-element-4e40a86 elementor-widget elementor-widget-text-editor\" data-id=\"4e40a86\" data-element_type=\"widget\" data-e-type=\"widget\" data-widget_type=\"text-editor.default\">\n\t\t\t\t<div class=\"elementor-widget-container\">\n\t\t\t\t\t\t\t\t\t<p><strong>Silverster-Verkauf 2025<\/strong><\/p><p>MO 29.12.2025 08:00 Uhr &#8211; 19:00 Uhr<\/p><p>DI 30.12.2025 08:00 Uhr &#8211; 19:00 Uhr<\/p><p>MI 31.12.2025 08:00 Uhr &#8211; 13:00 Uhr<\/p>\t\t\t\t\t\t\t\t<\/div>\n\t\t\t\t<\/div>\n\t\t\t\t<div class=\"elementor-element elementor-element-cc7a7b6 elementor-widget elementor-widget-heading\" data-id=\"cc7a7b6\" data-element_type=\"widget\" data-e-type=\"widget\" data-widget_type=\"heading.default\">\n\t\t\t\t<div class=\"elementor-widget-container\">\n\t\t\t\t\t<p class=\"elementor-heading-title elementor-size-default\">Montag - Freitag von 09:00 - 17 Uhr<\/p>\t\t\t\t<\/div>\n\t\t\t\t<\/div>\n\t\t\t\t<div class=\"elementor-element elementor-element-3115c45 elementor-widget elementor-widget-heading\" data-id=\"3115c45\" data-element_type=\"widget\" data-e-type=\"widget\" data-widget_type=\"heading.default\">\n\t\t\t\t<div class=\"elementor-widget-container\">\n\t\t\t\t\t<h4 class=\"elementor-heading-title elementor-size-default\">Social MEdia:<\/h4>\t\t\t\t<\/div>\n\t\t\t\t<\/div>\n\t\t\t\t<div class=\"elementor-element elementor-element-0f42e3e elementor-widget__width-initial elementor-widget elementor-widget-image\" data-id=\"0f42e3e\" data-element_type=\"widget\" data-e-type=\"widget\" data-widget_type=\"image.default\">\n\t\t\t\t<div class=\"elementor-widget-container\">\n\t\t\t\t\t\t\t\t\t\t\t\t\t\t\t\t<a href=\"https:\/\/www.youtube.com\/@pyrotechniksteinbauer9828\" target=\"_blank\">\n\t\t\t\t\t\t\t<img fetchpriority=\"high\" decoding=\"async\" width=\"500\" height=\"500\" src=\"https:\/\/pyrotechnik-steinbauer.de\/wp-content\/uploads\/2023\/07\/icons8-youtube-play-500.png\" class=\"attachment-large size-large wp-image-1908\" alt=\"\" srcset=\"https:\/\/pyrotechnik-steinbauer.de\/wp-content\/uploads\/2023\/07\/icons8-youtube-play-500.png 500w, https:\/\/pyrotechnik-steinbauer.de\/wp-content\/uploads\/2023\/07\/icons8-youtube-play-500-300x300.png 300w, https:\/\/pyrotechnik-steinbauer.de\/wp-content\/uploads\/2023\/07\/icons8-youtube-play-500-150x150.png 150w\" sizes=\"(max-width: 500px) 100vw, 500px\" \/>\t\t\t\t\t\t\t\t<\/a>\n\t\t\t\t\t\t\t\t\t\t\t\t\t\t\t<\/div>\n\t\t\t\t<\/div>\n\t\t\t\t<div class=\"elementor-element elementor-element-6d9022a elementor-widget__width-initial elementor-widget elementor-widget-image\" data-id=\"6d9022a\" data-element_type=\"widget\" data-e-type=\"widget\" data-widget_type=\"image.default\">\n\t\t\t\t<div class=\"elementor-widget-container\">\n\t\t\t\t\t\t\t\t\t\t\t\t\t\t\t\t<a href=\"https:\/\/www.tiktok.com\/@pyrotechnik_steinbauer?lang=de-DE\" target=\"_blank\">\n\t\t\t\t\t\t\t<img decoding=\"async\" width=\"500\" height=\"500\" src=\"https:\/\/pyrotechnik-steinbauer.de\/wp-content\/uploads\/2023\/07\/icons8-tiktok-500.png\" class=\"attachment-large size-large wp-image-1909\" alt=\"\" srcset=\"https:\/\/pyrotechnik-steinbauer.de\/wp-content\/uploads\/2023\/07\/icons8-tiktok-500.png 500w, https:\/\/pyrotechnik-steinbauer.de\/wp-content\/uploads\/2023\/07\/icons8-tiktok-500-300x300.png 300w, https:\/\/pyrotechnik-steinbauer.de\/wp-content\/uploads\/2023\/07\/icons8-tiktok-500-150x150.png 150w\" sizes=\"(max-width: 500px) 100vw, 500px\" \/>\t\t\t\t\t\t\t\t<\/a>\n\t\t\t\t\t\t\t\t\t\t\t\t\t\t\t<\/div>\n\t\t\t\t<\/div>\n\t\t\t\t<div class=\"elementor-element elementor-element-462a404 elementor-widget__width-initial elementor-widget elementor-widget-image\" data-id=\"462a404\" data-element_type=\"widget\" data-e-type=\"widget\" data-widget_type=\"image.default\">\n\t\t\t\t<div class=\"elementor-widget-container\">\n\t\t\t\t\t\t\t\t\t\t\t\t\t\t\t\t<a href=\"https:\/\/www.instagram.com\/pyrotechniksteinbauer\/\" target=\"_blank\">\n\t\t\t\t\t\t\t<img decoding=\"async\" width=\"500\" height=\"500\" src=\"https:\/\/pyrotechnik-steinbauer.de\/wp-content\/uploads\/2023\/07\/icons8-instagram-500.png\" class=\"attachment-large size-large wp-image-1910\" alt=\"\" srcset=\"https:\/\/pyrotechnik-steinbauer.de\/wp-content\/uploads\/2023\/07\/icons8-instagram-500.png 500w, https:\/\/pyrotechnik-steinbauer.de\/wp-content\/uploads\/2023\/07\/icons8-instagram-500-300x300.png 300w, https:\/\/pyrotechnik-steinbauer.de\/wp-content\/uploads\/2023\/07\/icons8-instagram-500-150x150.png 150w\" sizes=\"(max-width: 500px) 100vw, 500px\" \/>\t\t\t\t\t\t\t\t<\/a>\n\t\t\t\t\t\t\t\t\t\t\t\t\t\t\t<\/div>\n\t\t\t\t<\/div>\n\t\t\t\t<div class=\"elementor-element elementor-element-c5d25dd elementor-widget__width-initial elementor-widget elementor-widget-image\" data-id=\"c5d25dd\" data-element_type=\"widget\" data-e-type=\"widget\" data-widget_type=\"image.default\">\n\t\t\t\t<div class=\"elementor-widget-container\">\n\t\t\t\t\t\t\t\t\t\t\t\t\t\t\t\t<a href=\"https:\/\/www.facebook.com\/pyrotechniksteinbauer\/\" target=\"_blank\">\n\t\t\t\t\t\t\t<img loading=\"lazy\" decoding=\"async\" width=\"500\" height=\"500\" src=\"https:\/\/pyrotechnik-steinbauer.de\/wp-content\/uploads\/2023\/07\/icons8-facebook-500.png\" class=\"attachment-large size-large wp-image-1911\" alt=\"\" srcset=\"https:\/\/pyrotechnik-steinbauer.de\/wp-content\/uploads\/2023\/07\/icons8-facebook-500.png 500w, https:\/\/pyrotechnik-steinbauer.de\/wp-content\/uploads\/2023\/07\/icons8-facebook-500-300x300.png 300w, https:\/\/pyrotechnik-steinbauer.de\/wp-content\/uploads\/2023\/07\/icons8-facebook-500-150x150.png 150w\" sizes=\"(max-width: 500px) 100vw, 500px\" \/>\t\t\t\t\t\t\t\t<\/a>\n\t\t\t\t\t\t\t\t\t\t\t\t\t\t\t<\/div>\n\t\t\t\t<\/div>\n\t\t\t\t\t<\/div>\n\t\t<\/div>\n\t\t\t\t<div class=\"elementor-column elementor-col-25 elementor-top-column elementor-element elementor-element-3e6adb7\" data-id=\"3e6adb7\" data-element_type=\"column\" data-e-type=\"column\">\n\t\t\t<div class=\"elementor-widget-wrap elementor-element-populated\">\n\t\t\t\t\t\t\t<\/div>\n\t\t<\/div>\n\t\t\t\t\t<\/div>\n\t\t<\/section>\n\t\t\t\t<\/div>\n\t\t","protected":false},"excerpt":{"rendered":"<p>Impressum Angaben gem\u00e4\u00df \u00a7 5 TMG \u00a0 Florian SteinbauerPyrotechnik SteinbauerHauptstra\u00dfe 694481 Grafenau Kontakt \u00a0 Telefon: +49 156 7874 1062E-Mail: kontakt@pyrotechnik-steinbauer.de Umsatzsteuer-ID \u00a0 Umsatzsteuer-Identifikationsnummer gem\u00e4\u00df \u00a7 27 a Umsatzsteuergesetz:DE286554299 Aufsichtsbeh\u00f6rde \u00a0 [&hellip;]<\/p>\n","protected":false},"author":2,"featured_media":0,"parent":0,"menu_order":0,"comment_status":"closed","ping_status":"closed","template":"","meta":{"site-sidebar-layout":"no-sidebar","site-content-layout":"page-builder","ast-site-content-layout":"default","site-content-style":"default","site-sidebar-style":"default","ast-global-header-display":"","ast-banner-title-visibility":"","ast-main-header-display":"","ast-hfb-above-header-display":"","ast-hfb-below-header-display":"","ast-hfb-mobile-header-display":"","site-post-title":"","ast-breadcrumbs-content":"","ast-featured-img":"disabled","footer-sml-layout":"","ast-disable-related-posts":"","theme-transparent-header-meta":"","adv-header-id-meta":"","stick-header-meta":"","header-above-stick-meta":"","header-main-stick-meta":"","header-below-stick-meta":"","astra-migrate-meta-layouts":"default","ast-page-background-enabled":"default","ast-page-background-meta":{"desktop":{"background-color":"var(--ast-global-color-4)","background-image":"","background-repeat":"repeat","background-position":"center center","background-size":"auto","background-attachment":"scroll","background-type":"","background-media":"","overlay-type":"","overlay-color":"","overlay-opacity":"","overlay-gradient":""},"tablet":{"background-color":"","background-image":"","background-repeat":"repeat","background-position":"center center","background-size":"auto","background-attachment":"scroll","background-type":"","background-media":"","overlay-type":"","overlay-color":"","overlay-opacity":"","overlay-gradient":""},"mobile":{"background-color":"","background-image":"","background-repeat":"repeat","background-position":"center center","background-size":"auto","background-attachment":"scroll","background-type":"","background-media":"","overlay-type":"","overlay-color":"","overlay-opacity":"","overlay-gradient":""}},"ast-content-background-meta":{"desktop":{"background-color":"var(--ast-global-color-5)","background-image":"","background-repeat":"repeat","background-position":"center center","background-size":"auto","background-attachment":"scroll","background-type":"","background-media":"","overlay-type":"","overlay-color":"","overlay-opacity":"","overlay-gradient":""},"tablet":{"background-color":"var(--ast-global-color-5)","background-image":"","background-repeat":"repeat","background-position":"center center","background-size":"auto","background-attachment":"scroll","background-type":"","background-media":"","overlay-type":"","overlay-color":"","overlay-opacity":"","overlay-gradient":""},"mobile":{"background-color":"var(--ast-global-color-5)","background-image":"","background-repeat":"repeat","background-position":"center center","background-size":"auto","background-attachment":"scroll","background-type":"","background-media":"","overlay-type":"","overlay-color":"","overlay-opacity":"","overlay-gradient":""}},"footnotes":""},"class_list":["post-1856","page","type-page","status-publish","hentry"],"yoast_head":"<!-- This site is optimized with the Yoast SEO plugin v27.6 - https:\/\/yoast.com\/product\/yoast-seo-wordpress\/ -->\n<title>Impressum -<\/title>\n<meta name=\"robots\" content=\"index, follow, max-snippet:-1, max-image-preview:large, max-video-preview:-1\" \/>\n<link rel=\"canonical\" href=\"https:\/\/pyrotechnik-steinbauer.de\/?page_id=1856\" \/>\n<meta property=\"og:locale\" content=\"de_DE\" \/>\n<meta property=\"og:type\" content=\"article\" \/>\n<meta property=\"og:title\" content=\"Impressum -\" \/>\n<meta property=\"og:description\" content=\"Impressum Angaben gem\u00e4\u00df \u00a7 5 TMG \u00a0 Florian SteinbauerPyrotechnik SteinbauerHauptstra\u00dfe 694481 Grafenau Kontakt \u00a0 Telefon: +49 156 7874 1062E-Mail: kontakt@pyrotechnik-steinbauer.de Umsatzsteuer-ID \u00a0 Umsatzsteuer-Identifikationsnummer gem\u00e4\u00df \u00a7 27 a Umsatzsteuergesetz:DE286554299 Aufsichtsbeh\u00f6rde \u00a0 [&hellip;]\" \/>\n<meta property=\"og:url\" content=\"https:\/\/pyrotechnik-steinbauer.de\/?page_id=1856\" \/>\n<meta property=\"article:modified_time\" content=\"2025-10-27T06:15:59+00:00\" \/>\n<meta property=\"og:image\" content=\"https:\/\/pyrotechnik-steinbauer.de\/wp-content\/uploads\/2023\/07\/icons8-youtube-play-500.png\" \/>\n\t<meta property=\"og:image:width\" content=\"500\" \/>\n\t<meta property=\"og:image:height\" content=\"500\" \/>\n\t<meta property=\"og:image:type\" content=\"image\/png\" \/>\n<meta name=\"twitter:card\" content=\"summary_large_image\" \/>\n<meta name=\"twitter:label1\" content=\"Gesch\u00e4tzte Lesezeit\" \/>\n\t<meta name=\"twitter:data1\" content=\"2\u00a0Minuten\" \/>\n<script type=\"application\/ld+json\" class=\"yoast-schema-graph\">{\"@context\":\"https:\\\/\\\/schema.org\",\"@graph\":[{\"@type\":\"WebPage\",\"@id\":\"https:\\\/\\\/pyrotechnik-steinbauer.de\\\/?page_id=1856\",\"url\":\"https:\\\/\\\/pyrotechnik-steinbauer.de\\\/?page_id=1856\",\"name\":\"Impressum -\",\"isPartOf\":{\"@id\":\"https:\\\/\\\/pyrotechnik-steinbauer.de\\\/#website\"},\"primaryImageOfPage\":{\"@id\":\"https:\\\/\\\/pyrotechnik-steinbauer.de\\\/?page_id=1856#primaryimage\"},\"image\":{\"@id\":\"https:\\\/\\\/pyrotechnik-steinbauer.de\\\/?page_id=1856#primaryimage\"},\"thumbnailUrl\":\"https:\\\/\\\/pyrotechnik-steinbauer.de\\\/wp-content\\\/uploads\\\/2023\\\/07\\\/icons8-youtube-play-500.png\",\"datePublished\":\"2023-07-11T09:09:21+00:00\",\"dateModified\":\"2025-10-27T06:15:59+00:00\",\"breadcrumb\":{\"@id\":\"https:\\\/\\\/pyrotechnik-steinbauer.de\\\/?page_id=1856#breadcrumb\"},\"inLanguage\":\"de\",\"potentialAction\":[{\"@type\":\"ReadAction\",\"target\":[\"https:\\\/\\\/pyrotechnik-steinbauer.de\\\/?page_id=1856\"]}]},{\"@type\":\"ImageObject\",\"inLanguage\":\"de\",\"@id\":\"https:\\\/\\\/pyrotechnik-steinbauer.de\\\/?page_id=1856#primaryimage\",\"url\":\"https:\\\/\\\/pyrotechnik-steinbauer.de\\\/wp-content\\\/uploads\\\/2023\\\/07\\\/icons8-youtube-play-500.png\",\"contentUrl\":\"https:\\\/\\\/pyrotechnik-steinbauer.de\\\/wp-content\\\/uploads\\\/2023\\\/07\\\/icons8-youtube-play-500.png\",\"width\":500,\"height\":500},{\"@type\":\"BreadcrumbList\",\"@id\":\"https:\\\/\\\/pyrotechnik-steinbauer.de\\\/?page_id=1856#breadcrumb\",\"itemListElement\":[{\"@type\":\"ListItem\",\"position\":1,\"name\":\"Startseite\",\"item\":\"https:\\\/\\\/pyrotechnik-steinbauer.de\\\/\"},{\"@type\":\"ListItem\",\"position\":2,\"name\":\"Impressum\"}]},{\"@type\":\"WebSite\",\"@id\":\"https:\\\/\\\/pyrotechnik-steinbauer.de\\\/#website\",\"url\":\"https:\\\/\\\/pyrotechnik-steinbauer.de\\\/\",\"name\":\"\",\"description\":\"Feuerwerk aus Grafenau\",\"potentialAction\":[{\"@type\":\"SearchAction\",\"target\":{\"@type\":\"EntryPoint\",\"urlTemplate\":\"https:\\\/\\\/pyrotechnik-steinbauer.de\\\/?s={search_term_string}\"},\"query-input\":{\"@type\":\"PropertyValueSpecification\",\"valueRequired\":true,\"valueName\":\"search_term_string\"}}],\"inLanguage\":\"de\"}]}<\/script>\n<!-- \/ Yoast SEO plugin. -->","yoast_head_json":{"title":"Impressum -","robots":{"index":"index","follow":"follow","max-snippet":"max-snippet:-1","max-image-preview":"max-image-preview:large","max-video-preview":"max-video-preview:-1"},"canonical":"https:\/\/pyrotechnik-steinbauer.de\/?page_id=1856","og_locale":"de_DE","og_type":"article","og_title":"Impressum -","og_description":"Impressum Angaben gem\u00e4\u00df \u00a7 5 TMG \u00a0 Florian SteinbauerPyrotechnik SteinbauerHauptstra\u00dfe 694481 Grafenau Kontakt \u00a0 Telefon: +49 156 7874 1062E-Mail: kontakt@pyrotechnik-steinbauer.de Umsatzsteuer-ID \u00a0 Umsatzsteuer-Identifikationsnummer gem\u00e4\u00df \u00a7 27 a Umsatzsteuergesetz:DE286554299 Aufsichtsbeh\u00f6rde \u00a0 [&hellip;]","og_url":"https:\/\/pyrotechnik-steinbauer.de\/?page_id=1856","article_modified_time":"2025-10-27T06:15:59+00:00","og_image":[{"width":500,"height":500,"url":"https:\/\/pyrotechnik-steinbauer.de\/wp-content\/uploads\/2023\/07\/icons8-youtube-play-500.png","type":"image\/png"}],"twitter_card":"summary_large_image","twitter_misc":{"Gesch\u00e4tzte Lesezeit":"2\u00a0Minuten"},"schema":{"@context":"https:\/\/schema.org","@graph":[{"@type":"WebPage","@id":"https:\/\/pyrotechnik-steinbauer.de\/?page_id=1856","url":"https:\/\/pyrotechnik-steinbauer.de\/?page_id=1856","name":"Impressum -","isPartOf":{"@id":"https:\/\/pyrotechnik-steinbauer.de\/#website"},"primaryImageOfPage":{"@id":"https:\/\/pyrotechnik-steinbauer.de\/?page_id=1856#primaryimage"},"image":{"@id":"https:\/\/pyrotechnik-steinbauer.de\/?page_id=1856#primaryimage"},"thumbnailUrl":"https:\/\/pyrotechnik-steinbauer.de\/wp-content\/uploads\/2023\/07\/icons8-youtube-play-500.png","datePublished":"2023-07-11T09:09:21+00:00","dateModified":"2025-10-27T06:15:59+00:00","breadcrumb":{"@id":"https:\/\/pyrotechnik-steinbauer.de\/?page_id=1856#breadcrumb"},"inLanguage":"de","potentialAction":[{"@type":"ReadAction","target":["https:\/\/pyrotechnik-steinbauer.de\/?page_id=1856"]}]},{"@type":"ImageObject","inLanguage":"de","@id":"https:\/\/pyrotechnik-steinbauer.de\/?page_id=1856#primaryimage","url":"https:\/\/pyrotechnik-steinbauer.de\/wp-content\/uploads\/2023\/07\/icons8-youtube-play-500.png","contentUrl":"https:\/\/pyrotechnik-steinbauer.de\/wp-content\/uploads\/2023\/07\/icons8-youtube-play-500.png","width":500,"height":500},{"@type":"BreadcrumbList","@id":"https:\/\/pyrotechnik-steinbauer.de\/?page_id=1856#breadcrumb","itemListElement":[{"@type":"ListItem","position":1,"name":"Startseite","item":"https:\/\/pyrotechnik-steinbauer.de\/"},{"@type":"ListItem","position":2,"name":"Impressum"}]},{"@type":"WebSite","@id":"https:\/\/pyrotechnik-steinbauer.de\/#website","url":"https:\/\/pyrotechnik-steinbauer.de\/","name":"","description":"Feuerwerk aus Grafenau","potentialAction":[{"@type":"SearchAction","target":{"@type":"EntryPoint","urlTemplate":"https:\/\/pyrotechnik-steinbauer.de\/?s={search_term_string}"},"query-input":{"@type":"PropertyValueSpecification","valueRequired":true,"valueName":"search_term_string"}}],"inLanguage":"de"}]}},"_links":{"self":[{"href":"https:\/\/pyrotechnik-steinbauer.de\/index.php?rest_route=\/wp\/v2\/pages\/1856","targetHints":{"allow":["GET"]}}],"collection":[{"href":"https:\/\/pyrotechnik-steinbauer.de\/index.php?rest_route=\/wp\/v2\/pages"}],"about":[{"href":"https:\/\/pyrotechnik-steinbauer.de\/index.php?rest_route=\/wp\/v2\/types\/page"}],"author":[{"embeddable":true,"href":"https:\/\/pyrotechnik-steinbauer.de\/index.php?rest_route=\/wp\/v2\/users\/2"}],"replies":[{"embeddable":true,"href":"https:\/\/pyrotechnik-steinbauer.de\/index.php?rest_route=%2Fwp%2Fv2%2Fcomments&post=1856"}],"version-history":[{"count":39,"href":"https:\/\/pyrotechnik-steinbauer.de\/index.php?rest_route=\/wp\/v2\/pages\/1856\/revisions"}],"predecessor-version":[{"id":2403,"href":"https:\/\/pyrotechnik-steinbauer.de\/index.php?rest_route=\/wp\/v2\/pages\/1856\/revisions\/2403"}],"wp:attachment":[{"href":"https:\/\/pyrotechnik-steinbauer.de\/index.php?rest_route=%2Fwp%2Fv2%2Fmedia&parent=1856"}],"curies":[{"name":"wp","href":"https:\/\/api.w.org\/{rel}","templated":true}]}}